{"id":12174,"date":"2025-05-13T09:03:36","date_gmt":"2025-05-13T09:03:36","guid":{"rendered":"https:\/\/learn.northwesternhair.com\/?page_id=12174"},"modified":"2026-04-22T02:32:56","modified_gmt":"2026-04-22T07:32:56","slug":"rozwiazania-problemu-lysienia-u-mezczyzn","status":"publish","type":"page","link":"https:\/\/learn.northwesternhair.com\/pl\/mens-hair-loss-solutions\/","title":{"rendered":"Us\u0142ugi odzyskiwania w\u0142os\u00f3w dla m\u0119\u017cczyzn"},"content":{"rendered":"<div data-elementor-type=\"wp-page\" data-elementor-id=\"12174\" class=\"elementor elementor-12174\" data-elementor-post-type=\"page\">\n\t\t\t\t<div class=\"elementor-element elementor-element-ef2fb5b bg-banner1 e-flex e-con-boxed e-con e-parent\" data-id=\"ef2fb5b\" data-element_type=\"container\" data-e-type=\"container\" data-settings=\"{&quot;background_background&quot;:&quot;video&quot;,&quot;background_video_link&quot;:&quot;https:\\\/\\\/learn.northwesternhair.com\\\/wp-content\\\/uploads\\\/2025\\\/07\\\/videoplayback-hub.mp4&quot;,&quot;background_play_on_mobile&quot;:&quot;yes&quot;,&quot;background_privacy_mode&quot;:&quot;yes&quot;}\">\n\t\t\t\t\t<div class=\"e-con-inner\">\n\t\t<div class=\"elementor-background-video-container\">\n\t\t\t\t\t\t\t<video class=\"elementor-background-video-hosted\" role=\"presentation\" autoplay muted playsinline loop><\/video>\n\t\t\t\t\t<\/div><div class=\"elementor-element elementor-element-f2bb0be e-con-full e-flex e-con e-child\" data-id=\"f2bb0be\" data-element_type=\"container\" data-e-type=\"container\">\n\t\t<div class=\"elementor-element elementor-element-54eec29 e-con-full e-flex e-con e-child\" data-id=\"54eec29\" data-element_type=\"container\" data-e-type=\"container\">\n\t\t\t\t<div class=\"elementor-element elementor-element-4de61dd yellow elementor-hidden-mobile elementor-widget elementor-widget-heading\" data-id=\"4de61dd\" data-element_type=\"widget\" data-e-type=\"widget\" data-widget_type=\"heading.default\">\n\t\t\t\t<div class=\"elementor-widget-container\">\n\t\t\t\t\t<h1 class=\"elementor-heading-title elementor-size-default\"><span style=\"color:#F3F1E6\">JEDEN CEL<span style=\"color:#FCD544!important\">,<\/span> DWIE \u015aCIE\u017bKI<\/span><span style=\"color:#FCD544!important\">:<\/span> <\/h1>\t\t\t\t<\/div>\n\t\t\t\t<\/div>\n\t\t\t\t<div class=\"elementor-element elementor-element-8070bf9 yellow elementor-hidden-desktop elementor-hidden-tablet elementor-widget elementor-widget-heading\" data-id=\"8070bf9\" data-element_type=\"widget\" data-e-type=\"widget\" data-widget_type=\"heading.default\">\n\t\t\t\t<div class=\"elementor-widget-container\">\n\t\t\t\t\t<h1 class=\"elementor-heading-title elementor-size-default\"><span style=\"color:#F3F1E6\">DWIE DROGI DO G\u0118STSZYCH W\u0141OS\u00d3W <span style=\"color:#FCD544!important\">.<\/span>  <\/h1>\t\t\t\t<\/div>\n\t\t\t\t<\/div>\n\t\t\t\t<div class=\"elementor-element elementor-element-afe2916 yellow elementor-widget elementor-widget-heading\" data-id=\"afe2916\" data-element_type=\"widget\" data-e-type=\"widget\" data-widget_type=\"heading.default\">\n\t\t\t\t<div class=\"elementor-widget-container\">\n\t\t\t\t\t<h1 class=\"elementor-heading-title elementor-size-default\">Popraw swoj\u0105 lini\u0119 w\u0142os\u00f3w<span>.<\/span><\/h1>\t\t\t\t<\/div>\n\t\t\t\t<\/div>\n\t\t\t\t<div class=\"elementor-element elementor-element-ca9e4e5 elementor-widget__width-initial elementor-widget-mobile__width-initial elementor-widget elementor-widget-text-editor\" data-id=\"ca9e4e5\" data-element_type=\"widget\" data-e-type=\"widget\" data-widget_type=\"text-editor.default\">\n\t\t\t\t<div class=\"elementor-widget-container\">\n\t\t\t\t\t\t\t\t\t<p>W Northwestern Hair oferujemy dwie \u015bcie\u017cki \u2013 zaawansowan\u0105 chirurgi\u0119 MICRO PUE lub innowacyjn\u0105 optymalizacj\u0119 ACS \u2013 obie prowadzone przez ekspert\u00f3w i maj\u0105ce na celu odzyskanie Twoich w\u0142os\u00f3w i pewno\u015bci siebie.<\/p>\t\t\t\t\t\t\t\t<\/div>\n\t\t\t\t<\/div>\n\t\t\t\t<div class=\"elementor-element elementor-element-e0c9390 elementor-align-center elementor-widget elementor-widget-button\" data-id=\"e0c9390\" data-element_type=\"widget\" data-e-type=\"widget\" data-widget_type=\"button.default\">\n\t\t\t\t<div class=\"elementor-widget-container\">\n\t\t\t\t\t\t\t\t\t<div class=\"elementor-button-wrapper\">\n\t\t\t\t\t<a class=\"elementor-button elementor-button-link elementor-size-sm\" href=\"\/pl\/zarezerwuj-ogolna-konsultacje\/\">\n\t\t\t\t\t\t<span class=\"elementor-button-content-wrapper\">\n\t\t\t\t\t\t\t\t\t<span class=\"elementor-button-text\">UM\u00d3W KONSULTACJ\u0118<\/span>\n\t\t\t\t\t<\/span>\n\t\t\t\t\t<\/a>\n\t\t\t\t<\/div>\n\t\t\t\t\t\t\t\t<\/div>\n\t\t\t\t<\/div>\n\t\t\t\t<\/div>\n\t\t\t\t<\/div>\n\t\t\t\t\t<\/div>\n\t\t\t\t<\/div>\n\t\t<div class=\"elementor-element elementor-element-2141c11 e-flex e-con-boxed e-con e-parent\" data-id=\"2141c11\" data-element_type=\"container\" data-e-type=\"container\" data-settings=\"{&quot;background_background&quot;:&quot;classic&quot;}\">\n\t\t\t\t\t<div class=\"e-con-inner\">\n\t\t<div class=\"elementor-element elementor-element-8c60b3e e-con-full e-flex e-con e-child\" data-id=\"8c60b3e\" data-element_type=\"container\" data-e-type=\"container\">\n\t\t<div class=\"elementor-element elementor-element-a1de701 e-con-full e-flex e-con e-child\" data-id=\"a1de701\" data-element_type=\"container\" data-e-type=\"container\">\n\t\t\t\t<div class=\"elementor-element elementor-element-92d6617 elementor-widget__width-initial elementor-widget elementor-widget-image\" data-id=\"92d6617\" data-element_type=\"widget\" data-e-type=\"widget\" data-widget_type=\"image.default\">\n\t\t\t\t<div class=\"elementor-widget-container\">\n\t\t\t\t\t\t\t\t\t\t\t\t\t\t\t\t<a href=\"https:\/\/learn.northwesternhair.com\/wp-content\/uploads\/2025\/09\/1.1-B.png\" data-elementor-open-lightbox=\"yes\" data-e-action-hash=\"#elementor-action%3Aaction%3Dlightbox%26settings%3DeyJpZCI6MTQ5NjEsInVybCI6Imh0dHBzOlwvXC9sZWFybi5ub3J0aHdlc3Rlcm5oYWlyLmNvbVwvd3AtY29udGVudFwvdXBsb2Fkc1wvMjAyNVwvMDlcLzEuMS1CLnBuZyJ9\">\n\t\t\t\t\t\t\t<img fetchpriority=\"high\" decoding=\"async\" width=\"1080\" height=\"1080\" src=\"https:\/\/learn.northwesternhair.com\/wp-content\/uploads\/2025\/09\/1.1-B.png\" class=\"attachment-full size-full wp-image-14961\" alt=\"\" srcset=\"https:\/\/learn.northwesternhair.com\/wp-content\/uploads\/2025\/09\/1.1-B.png 1080w, https:\/\/learn.northwesternhair.com\/wp-content\/uploads\/2025\/09\/1.1-B-300x300.png 300w, https:\/\/learn.northwesternhair.com\/wp-content\/uploads\/2025\/09\/1.1-B-1024x1024.png 1024w, https:\/\/learn.northwesternhair.com\/wp-content\/uploads\/2025\/09\/1.1-B-150x150.png 150w, https:\/\/learn.northwesternhair.com\/wp-content\/uploads\/2025\/09\/1.1-B-768x768.png 768w\" sizes=\"(max-width: 1080px) 100vw, 1080px\" \/>\t\t\t\t\t\t\t\t<\/a>\n\t\t\t\t\t\t\t\t\t\t\t\t\t\t\t<\/div>\n\t\t\t\t<\/div>\n\t\t\t\t<div class=\"elementor-element elementor-element-a1dd152 elementor-widget elementor-widget-image\" data-id=\"a1dd152\" data-element_type=\"widget\" data-e-type=\"widget\" data-widget_type=\"image.default\">\n\t\t\t\t<div class=\"elementor-widget-container\">\n\t\t\t\t\t\t\t\t\t\t\t\t\t\t\t\t<a href=\"https:\/\/learn.northwesternhair.com\/wp-content\/uploads\/2025\/09\/1.1-A.png\" data-elementor-open-lightbox=\"yes\" data-e-action-hash=\"#elementor-action%3Aaction%3Dlightbox%26settings%3DeyJpZCI6MTQ5NjIsInVybCI6Imh0dHBzOlwvXC9sZWFybi5ub3J0aHdlc3Rlcm5oYWlyLmNvbVwvd3AtY29udGVudFwvdXBsb2Fkc1wvMjAyNVwvMDlcLzEuMS1BLnBuZyJ9\">\n\t\t\t\t\t\t\t<img decoding=\"async\" width=\"1080\" height=\"1080\" src=\"https:\/\/learn.northwesternhair.com\/wp-content\/uploads\/2025\/09\/1.1-A.png\" class=\"attachment-full size-full wp-image-14962\" alt=\"\" srcset=\"https:\/\/learn.northwesternhair.com\/wp-content\/uploads\/2025\/09\/1.1-A.png 1080w, https:\/\/learn.northwesternhair.com\/wp-content\/uploads\/2025\/09\/1.1-A-300x300.png 300w, https:\/\/learn.northwesternhair.com\/wp-content\/uploads\/2025\/09\/1.1-A-1024x1024.png 1024w, https:\/\/learn.northwesternhair.com\/wp-content\/uploads\/2025\/09\/1.1-A-150x150.png 150w, https:\/\/learn.northwesternhair.com\/wp-content\/uploads\/2025\/09\/1.1-A-768x768.png 768w\" sizes=\"(max-width: 1080px) 100vw, 1080px\" \/>\t\t\t\t\t\t\t\t<\/a>\n\t\t\t\t\t\t\t\t\t\t\t\t\t\t\t<\/div>\n\t\t\t\t<\/div>\n\t\t\t\t<\/div>\n\t\t<div class=\"elementor-element elementor-element-86869b6 e-con-full e-flex e-con e-child\" data-id=\"86869b6\" data-element_type=\"container\" data-e-type=\"container\">\n\t\t<div class=\"elementor-element elementor-element-949dd56 e-con-full e-flex e-con e-child\" data-id=\"949dd56\" data-element_type=\"container\" data-e-type=\"container\" data-settings=\"{&quot;background_background&quot;:&quot;classic&quot;}\">\n\t\t\t\t<div class=\"elementor-element elementor-element-48608ab elementor-widget elementor-widget-heading\" data-id=\"48608ab\" data-element_type=\"widget\" data-e-type=\"widget\" data-widget_type=\"heading.default\">\n\t\t\t\t<div class=\"elementor-widget-container\">\n\t\t\t\t\t<h2 class=\"elementor-heading-title elementor-size-default\">Niechirurgiczna Optymalizacja W\u0142os\u00f3w z ACS<\/h2>\t\t\t\t<\/div>\n\t\t\t\t<\/div>\n\t\t\t\t<div class=\"elementor-element elementor-element-cdea4a2 elementor-widget elementor-widget-text-editor\" data-id=\"cdea4a2\" data-element_type=\"widget\" data-e-type=\"widget\" data-widget_type=\"text-editor.default\">\n\t\t\t\t<div class=\"elementor-widget-container\">\n\t\t\t\t\t\t\t\t\t<p>Zaprojektowany z my\u015bl\u0105 o wczesnym wypadaniu w\u0142os\u00f3w, ACS wykorzystuje naturalne zdolno\u015bci regeneracyjne organizmu, aby pobudzi\u0107 ponowny wzrost w\u0142os\u00f3w i utrzyma\u0107 istniej\u0105ce.<\/p>\t\t\t\t\t\t\t\t<\/div>\n\t\t\t\t<\/div>\n\t\t\t\t<div class=\"elementor-element elementor-element-0d18651 elementor-align-left elementor-widget elementor-widget-button\" data-id=\"0d18651\" data-element_type=\"widget\" data-e-type=\"widget\" data-widget_type=\"button.default\">\n\t\t\t\t<div class=\"elementor-widget-container\">\n\t\t\t\t\t\t\t\t\t<div class=\"elementor-button-wrapper\">\n\t\t\t\t\t<a class=\"elementor-button elementor-button-link elementor-size-sm\" href=\"\/pl\/mens-non-surgical\/\">\n\t\t\t\t\t\t<span class=\"elementor-button-content-wrapper\">\n\t\t\t\t\t\t\t\t\t<span class=\"elementor-button-text\">DOWIEDZ SI\u0118 WI\u0118CEJ O ACS<\/span>\n\t\t\t\t\t<\/span>\n\t\t\t\t\t<\/a>\n\t\t\t\t<\/div>\n\t\t\t\t\t\t\t\t<\/div>\n\t\t\t\t<\/div>\n\t\t\t\t<\/div>\n\t\t\t\t<\/div>\n\t\t\t\t<\/div>\n\t\t\t\t\t<\/div>\n\t\t\t\t<\/div>\n\t\t<div class=\"elementor-element elementor-element-138db70 e-flex e-con-boxed e-con e-parent\" data-id=\"138db70\" data-element_type=\"container\" data-e-type=\"container\" data-settings=\"{&quot;background_background&quot;:&quot;classic&quot;,&quot;shape_divider_bottom&quot;:&quot;waves&quot;}\">\n\t\t\t\t\t<div class=\"e-con-inner\">\n\t\t\t\t<div class=\"elementor-shape elementor-shape-bottom\" aria-hidden=\"true\" data-negative=\"false\">\n\t\t\t<svg xmlns=\"http:\/\/www.w3.org\/2000\/svg\" viewbox=\"0 0 1000 100\" preserveaspectratio=\"none\">\n\t<path class=\"elementor-shape-fill\" d=\"M421.9,6.5c22.6-2.5,51.5,0.4,75.5,5.3c23.6,4.9,70.9,23.5,100.5,35.7c75.8,32.2,133.7,44.5,192.6,49.7\tc23.6,2.1,48.7,3.5,103.4-2.5c54.7-6,106.2-25.6,106.2-25.6V0H0v30.3c0,0,72,32.6,158.4,30.5c39.2-0.7,92.8-6.7,134-22.4\tc21.2-8.1,52.2-18.2,79.7-24.2C399.3,7.9,411.6,7.5,421.9,6.5z\"\/>\n<\/svg>\t\t<\/div>\n\t\t<div class=\"elementor-element elementor-element-8609b5f e-con-full e-flex e-con e-child\" data-id=\"8609b5f\" data-element_type=\"container\" data-e-type=\"container\">\n\t\t<div class=\"elementor-element elementor-element-f86cbcd e-con-full e-flex e-con e-child\" data-id=\"f86cbcd\" data-element_type=\"container\" data-e-type=\"container\">\n\t\t<div class=\"elementor-element elementor-element-0a4500e e-con-full e-flex e-con e-child\" data-id=\"0a4500e\" data-element_type=\"container\" data-e-type=\"container\" data-settings=\"{&quot;background_background&quot;:&quot;classic&quot;}\">\n\t\t\t\t<div class=\"elementor-element elementor-element-d39aee4 elementor-widget elementor-widget-heading\" data-id=\"d39aee4\" data-element_type=\"widget\" data-e-type=\"widget\" data-widget_type=\"heading.default\">\n\t\t\t\t<div class=\"elementor-widget-container\">\n\t\t\t\t\t<h2 class=\"elementor-heading-title elementor-size-default\">PRZESZCZEPY W\u0141OS\u00d3W z Micro PUE<sup>\u00ae<\/sup><\/h2>\t\t\t\t<\/div>\n\t\t\t\t<\/div>\n\t\t\t\t<div class=\"elementor-element elementor-element-d5bfde1 elementor-widget elementor-widget-text-editor\" data-id=\"d5bfde1\" data-element_type=\"widget\" data-e-type=\"widget\" data-widget_type=\"text-editor.default\">\n\t\t\t\t<div class=\"elementor-widget-container\">\n\t\t\t\t\t\t\t\t\t<p>Niezale\u017cnie od tego, czy chcesz odtworzy\u0107 lini\u0119 w\u0142os\u00f3w, czy zwi\u0119kszy\u0107 og\u00f3ln\u0105 g\u0119sto\u015b\u0107, MICRO PUE zapewnia pot\u0119\u017cne, trwa\u0142e rezultaty.<\/p>\t\t\t\t\t\t\t\t<\/div>\n\t\t\t\t<\/div>\n\t\t\t\t<div class=\"elementor-element elementor-element-54b720a elementor-align-left elementor-widget elementor-widget-button\" data-id=\"54b720a\" data-element_type=\"widget\" data-e-type=\"widget\" data-widget_type=\"button.default\">\n\t\t\t\t<div class=\"elementor-widget-container\">\n\t\t\t\t\t\t\t\t\t<div class=\"elementor-button-wrapper\">\n\t\t\t\t\t<a class=\"elementor-button elementor-button-link elementor-size-sm\" href=\"\/pl\/mens-surgical\/\">\n\t\t\t\t\t\t<span class=\"elementor-button-content-wrapper\">\n\t\t\t\t\t\t\t\t\t<span class=\"elementor-button-text\">DOWIEDZ SI\u0118 WI\u0118CEJ O MICRO PUE<\/span>\n\t\t\t\t\t<\/span>\n\t\t\t\t\t<\/a>\n\t\t\t\t<\/div>\n\t\t\t\t\t\t\t\t<\/div>\n\t\t\t\t<\/div>\n\t\t\t\t<\/div>\n\t\t\t\t<\/div>\n\t\t<div class=\"elementor-element elementor-element-d7031ea e-con-full e-flex e-con e-child\" data-id=\"d7031ea\" data-element_type=\"container\" data-e-type=\"container\">\n\t\t\t\t<div class=\"elementor-element elementor-element-ef6396d elementor-widget elementor-widget-image\" data-id=\"ef6396d\" data-element_type=\"widget\" data-e-type=\"widget\" data-widget_type=\"image.default\">\n\t\t\t\t<div class=\"elementor-widget-container\">\n\t\t\t\t\t\t\t\t\t\t\t\t\t\t\t\t<a href=\"https:\/\/learn.northwesternhair.com\/wp-content\/uploads\/2025\/09\/2.1-B.png\" data-elementor-open-lightbox=\"yes\" data-e-action-hash=\"#elementor-action%3Aaction%3Dlightbox%26settings%3DeyJpZCI6MTQ5NjMsInVybCI6Imh0dHBzOlwvXC9sZWFybi5ub3J0aHdlc3Rlcm5oYWlyLmNvbVwvd3AtY29udGVudFwvdXBsb2Fkc1wvMjAyNVwvMDlcLzIuMS1CLnBuZyJ9\">\n\t\t\t\t\t\t\t<img decoding=\"async\" width=\"1080\" height=\"1080\" src=\"https:\/\/learn.northwesternhair.com\/wp-content\/uploads\/2025\/09\/2.1-B.png\" class=\"attachment-full size-full wp-image-14963\" alt=\"\" srcset=\"https:\/\/learn.northwesternhair.com\/wp-content\/uploads\/2025\/09\/2.1-B.png 1080w, https:\/\/learn.northwesternhair.com\/wp-content\/uploads\/2025\/09\/2.1-B-300x300.png 300w, https:\/\/learn.northwesternhair.com\/wp-content\/uploads\/2025\/09\/2.1-B-1024x1024.png 1024w, https:\/\/learn.northwesternhair.com\/wp-content\/uploads\/2025\/09\/2.1-B-150x150.png 150w, https:\/\/learn.northwesternhair.com\/wp-content\/uploads\/2025\/09\/2.1-B-768x768.png 768w\" sizes=\"(max-width: 1080px) 100vw, 1080px\" \/>\t\t\t\t\t\t\t\t<\/a>\n\t\t\t\t\t\t\t\t\t\t\t\t\t\t\t<\/div>\n\t\t\t\t<\/div>\n\t\t\t\t<div class=\"elementor-element elementor-element-7057309 elementor-widget elementor-widget-image\" data-id=\"7057309\" data-element_type=\"widget\" data-e-type=\"widget\" data-widget_type=\"image.default\">\n\t\t\t\t<div class=\"elementor-widget-container\">\n\t\t\t\t\t\t\t\t\t\t\t\t\t\t\t\t<a href=\"https:\/\/learn.northwesternhair.com\/wp-content\/uploads\/2025\/09\/2.2-A.png\" data-elementor-open-lightbox=\"yes\" data-e-action-hash=\"#elementor-action%3Aaction%3Dlightbox%26settings%3DeyJpZCI6MTQ5NjQsInVybCI6Imh0dHBzOlwvXC9sZWFybi5ub3J0aHdlc3Rlcm5oYWlyLmNvbVwvd3AtY29udGVudFwvdXBsb2Fkc1wvMjAyNVwvMDlcLzIuMi1BLnBuZyJ9\">\n\t\t\t\t\t\t\t<img loading=\"lazy\" decoding=\"async\" width=\"1080\" height=\"1080\" src=\"https:\/\/learn.northwesternhair.com\/wp-content\/uploads\/2025\/09\/2.2-A.png\" class=\"attachment-full size-full wp-image-14964\" alt=\"\" srcset=\"https:\/\/learn.northwesternhair.com\/wp-content\/uploads\/2025\/09\/2.2-A.png 1080w, https:\/\/learn.northwesternhair.com\/wp-content\/uploads\/2025\/09\/2.2-A-300x300.png 300w, https:\/\/learn.northwesternhair.com\/wp-content\/uploads\/2025\/09\/2.2-A-1024x1024.png 1024w, https:\/\/learn.northwesternhair.com\/wp-content\/uploads\/2025\/09\/2.2-A-150x150.png 150w, https:\/\/learn.northwesternhair.com\/wp-content\/uploads\/2025\/09\/2.2-A-768x768.png 768w\" sizes=\"(max-width: 1080px) 100vw, 1080px\" \/>\t\t\t\t\t\t\t\t<\/a>\n\t\t\t\t\t\t\t\t\t\t\t\t\t\t\t<\/div>\n\t\t\t\t<\/div>\n\t\t\t\t<\/div>\n\t\t\t\t<\/div>\n\t\t\t\t\t<\/div>\n\t\t\t\t<\/div>\n\t\t<div class=\"elementor-element elementor-element-d31761a e-flex e-con-boxed e-con e-parent\" data-id=\"d31761a\" data-element_type=\"container\" data-e-type=\"container\" data-settings=\"{&quot;background_background&quot;:&quot;classic&quot;}\">\n\t\t\t\t\t<div class=\"e-con-inner\">\n\t\t<div class=\"elementor-element elementor-element-a717173 e-con-full e-flex e-con e-child\" data-id=\"a717173\" data-element_type=\"container\" data-e-type=\"container\">\n\t\t<div class=\"elementor-element elementor-element-55178a4 e-con-full e-flex e-con e-child\" data-id=\"55178a4\" data-element_type=\"container\" data-e-type=\"container\">\n\t\t\t\t<div class=\"elementor-element elementor-element-ff10561 yellow elementor-widget elementor-widget-heading\" data-id=\"ff10561\" data-element_type=\"widget\" data-e-type=\"widget\" data-widget_type=\"heading.default\">\n\t\t\t\t<div class=\"elementor-widget-container\">\n\t\t\t\t\t<h2 class=\"elementor-heading-title elementor-size-default\">Nadal nie wiesz, kt\u00f3ra \u015bcie\u017cka jest dla Ciebie odpowiednia<span>?<\/span><\/h2>\t\t\t\t<\/div>\n\t\t\t\t<\/div>\n\t\t\t\t<div class=\"elementor-element elementor-element-bdb16e2 elementor-widget elementor-widget-text-editor\" data-id=\"bdb16e2\" data-element_type=\"widget\" data-e-type=\"widget\" data-widget_type=\"text-editor.default\">\n\t\t\t\t<div class=\"elementor-widget-container\">\n\t\t\t\t\t\t\t\t\t<p>Dr. Vinay Rawlani widzia\u0142 obie strony procesu odrastania w\u0142os\u00f3w. Przeszed\u0142 zar\u00f3wno zabiegi chirurgiczne, jak i niechirurgiczne w zwi\u0105zku z w\u0142asnym wypadaniem w\u0142os\u00f3w, wi\u0119c z w\u0142asnego do\u015bwiadczenia wie, co dzia\u0142a, a co nie.<\/p><p>Dzi\u0119ki szkoleniu medycznemu na Northwestern University i University of Chicago, dr Vinay \u0142\u0105czy artyzm, precyzj\u0119 i innowacyjno\u015b\u0107, aby osi\u0105ga\u0107 wyj\u0105tkowe rezultaty. Niezale\u017cnie od tego, czy tworzy ponadczasow\u0105 lini\u0119 w\u0142os\u00f3w, czy optymalizuje g\u0119sto\u015b\u0107, ka\u017cdy krok kieruje si\u0119 jego d\u0105\u017ceniem do perfekcji.<\/p>\t\t\t\t\t\t\t\t<\/div>\n\t\t\t\t<\/div>\n\t\t<div class=\"elementor-element elementor-element-cc4db31 e-con-full elementor-hidden-desktop elementor-hidden-tablet e-flex e-con e-child\" data-id=\"cc4db31\" data-element_type=\"container\" data-e-type=\"container\">\n\t\t<div class=\"elementor-element elementor-element-cb61a17 e-con-full e-flex e-con e-child\" data-id=\"cb61a17\" data-element_type=\"container\" data-e-type=\"container\">\n\t\t\t\t<div class=\"elementor-element elementor-element-1ec1383 elementor-widget elementor-widget-image\" data-id=\"1ec1383\" data-element_type=\"widget\" data-e-type=\"widget\" data-widget_type=\"image.default\">\n\t\t\t\t<div class=\"elementor-widget-container\">\n\t\t\t\t\t\t\t\t\t\t\t\t\t\t\t<img loading=\"lazy\" decoding=\"async\" width=\"156\" height=\"50\" src=\"https:\/\/learn.northwesternhair.com\/wp-content\/uploads\/2025\/05\/northwestern-univers.png\" class=\"attachment-full size-full wp-image-12183\" alt=\"\" \/>\t\t\t\t\t\t\t\t\t\t\t\t\t\t\t<\/div>\n\t\t\t\t<\/div>\n\t\t\t\t<div class=\"elementor-element elementor-element-01a11da elementor-widget elementor-widget-image\" data-id=\"01a11da\" data-element_type=\"widget\" data-e-type=\"widget\" data-widget_type=\"image.default\">\n\t\t\t\t<div class=\"elementor-widget-container\">\n\t\t\t\t\t\t\t\t\t\t\t\t\t\t\t<img loading=\"lazy\" decoding=\"async\" width=\"193\" height=\"39\" src=\"https:\/\/learn.northwesternhair.com\/wp-content\/uploads\/2025\/05\/the-university-of-ch.png\" class=\"attachment-full size-full wp-image-12184\" alt=\"\" \/>\t\t\t\t\t\t\t\t\t\t\t\t\t\t\t<\/div>\n\t\t\t\t<\/div>\n\t\t\t\t<\/div>\n\t\t\t\t<div class=\"elementor-element elementor-element-47c804b elementor-widget elementor-widget-image\" data-id=\"47c804b\" data-element_type=\"widget\" data-e-type=\"widget\" data-widget_type=\"image.default\">\n\t\t\t\t<div class=\"elementor-widget-container\">\n\t\t\t\t\t\t\t\t\t\t\t\t\t\t\t<img loading=\"lazy\" decoding=\"async\" width=\"162\" height=\"162\" src=\"https:\/\/learn.northwesternhair.com\/wp-content\/uploads\/2025\/05\/Vinay24905-print-1.webp\" class=\"attachment-full size-full wp-image-12185\" alt=\"\" srcset=\"https:\/\/learn.northwesternhair.com\/wp-content\/uploads\/2025\/05\/Vinay24905-print-1.webp 162w, https:\/\/learn.northwesternhair.com\/wp-content\/uploads\/2025\/05\/Vinay24905-print-1-150x150.webp 150w\" sizes=\"(max-width: 162px) 100vw, 162px\" \/>\t\t\t\t\t\t\t\t\t\t\t\t\t\t\t<\/div>\n\t\t\t\t<\/div>\n\t\t\t\t<\/div>\n\t\t\t\t<div class=\"elementor-element elementor-element-c51eb50 elementor-align-left elementor-mobile-align-justify elementor-widget elementor-widget-button\" data-id=\"c51eb50\" data-element_type=\"widget\" data-e-type=\"widget\" data-widget_type=\"button.default\">\n\t\t\t\t<div class=\"elementor-widget-container\">\n\t\t\t\t\t\t\t\t\t<div class=\"elementor-button-wrapper\">\n\t\t\t\t\t<a class=\"elementor-button elementor-button-link elementor-size-sm\" href=\"https:\/\/learn.northwesternhair.com\/pl\/dr-vinay-rawlani\/\">\n\t\t\t\t\t\t<span class=\"elementor-button-content-wrapper\">\n\t\t\t\t\t\t\t\t\t<span class=\"elementor-button-text\">Dowiedz si\u0119 wi\u0119cej<\/span>\n\t\t\t\t\t<\/span>\n\t\t\t\t\t<\/a>\n\t\t\t\t<\/div>\n\t\t\t\t\t\t\t\t<\/div>\n\t\t\t\t<\/div>\n\t\t\t\t<\/div>\n\t\t<div class=\"elementor-element elementor-element-c478fc8 e-con-full elementor-hidden-mobile e-flex e-con e-child\" data-id=\"c478fc8\" data-element_type=\"container\" data-e-type=\"container\">\n\t\t\t\t<div class=\"elementor-element elementor-element-d14757a elementor-widget elementor-widget-image\" data-id=\"d14757a\" data-element_type=\"widget\" data-e-type=\"widget\" data-widget_type=\"image.default\">\n\t\t\t\t<div class=\"elementor-widget-container\">\n\t\t\t\t\t\t\t\t\t\t\t\t\t\t\t<img loading=\"lazy\" decoding=\"async\" width=\"700\" height=\"933\" src=\"https:\/\/learn.northwesternhair.com\/wp-content\/uploads\/2025\/05\/vinay-surgical-02.png\" class=\"attachment-full size-full wp-image-12676\" alt=\"\" srcset=\"https:\/\/learn.northwesternhair.com\/wp-content\/uploads\/2025\/05\/vinay-surgical-02.png 700w, https:\/\/learn.northwesternhair.com\/wp-content\/uploads\/2025\/05\/vinay-surgical-02-225x300.png 225w\" sizes=\"(max-width: 700px) 100vw, 700px\" \/>\t\t\t\t\t\t\t\t\t\t\t\t\t\t\t<\/div>\n\t\t\t\t<\/div>\n\t\t<div class=\"elementor-element elementor-element-1b19f81 e-con-full e-flex e-con e-child\" data-id=\"1b19f81\" data-element_type=\"container\" data-e-type=\"container\">\n\t\t\t\t<div class=\"elementor-element elementor-element-2d7797c elementor-widget elementor-widget-image\" data-id=\"2d7797c\" data-element_type=\"widget\" data-e-type=\"widget\" data-widget_type=\"image.default\">\n\t\t\t\t<div class=\"elementor-widget-container\">\n\t\t\t\t\t\t\t\t\t\t\t\t\t\t\t<img loading=\"lazy\" decoding=\"async\" width=\"156\" height=\"50\" src=\"https:\/\/learn.northwesternhair.com\/wp-content\/uploads\/2025\/05\/northwestern-univers.png\" class=\"attachment-full size-full wp-image-12183\" alt=\"\" \/>\t\t\t\t\t\t\t\t\t\t\t\t\t\t\t<\/div>\n\t\t\t\t<\/div>\n\t\t\t\t<div class=\"elementor-element elementor-element-9212b94 elementor-widget elementor-widget-image\" data-id=\"9212b94\" data-element_type=\"widget\" data-e-type=\"widget\" data-widget_type=\"image.default\">\n\t\t\t\t<div class=\"elementor-widget-container\">\n\t\t\t\t\t\t\t\t\t\t\t\t\t\t\t<img loading=\"lazy\" decoding=\"async\" width=\"193\" height=\"39\" src=\"https:\/\/learn.northwesternhair.com\/wp-content\/uploads\/2025\/05\/the-university-of-ch.png\" class=\"attachment-full size-full wp-image-12184\" alt=\"\" \/>\t\t\t\t\t\t\t\t\t\t\t\t\t\t\t<\/div>\n\t\t\t\t<\/div>\n\t\t\t\t<\/div>\n\t\t\t\t<\/div>\n\t\t\t\t<\/div>\n\t\t\t\t\t<\/div>\n\t\t\t\t<\/div>\n\t\t\t\t<\/div>","protected":false},"excerpt":{"rendered":"<p>ONE GOAL, TWO PATHS: TWO PATHS TO FULLER HAIR . Perfect YOUR HAIRLINE. At Northwestern Hair, we offer two paths\u2014advanced MICRO PUE surgery or innovative ACS optimization\u2014both driven by expertise and dedicated to restoring your hair and your confidence. BOOK A CONSULTATION Non-Surgical Hair Optimization FEATURING ACS Designed for early hair loss, ACS uses your [&hellip;]<\/p>\n","protected":false},"author":3,"featured_media":0,"parent":0,"menu_order":0,"comment_status":"closed","ping_status":"closed","template":"","meta":{"_acf_changed":false,"footnotes":""},"class_list":["post-12174","page","type-page","status-publish","hentry","has-read-time","read-time-1"],"acf":[],"_links":{"self":[{"href":"https:\/\/learn.northwesternhair.com\/pl\/wp-json\/wp\/v2\/pages\/12174","targetHints":{"allow":["GET"]}}],"collection":[{"href":"https:\/\/learn.northwesternhair.com\/pl\/wp-json\/wp\/v2\/pages"}],"about":[{"href":"https:\/\/learn.northwesternhair.com\/pl\/wp-json\/wp\/v2\/types\/page"}],"author":[{"embeddable":true,"href":"https:\/\/learn.northwesternhair.com\/pl\/wp-json\/wp\/v2\/users\/3"}],"replies":[{"embeddable":true,"href":"https:\/\/learn.northwesternhair.com\/pl\/wp-json\/wp\/v2\/comments?post=12174"}],"version-history":[{"count":6,"href":"https:\/\/learn.northwesternhair.com\/pl\/wp-json\/wp\/v2\/pages\/12174\/revisions"}],"predecessor-version":[{"id":30297,"href":"https:\/\/learn.northwesternhair.com\/pl\/wp-json\/wp\/v2\/pages\/12174\/revisions\/30297"}],"wp:attachment":[{"href":"https:\/\/learn.northwesternhair.com\/pl\/wp-json\/wp\/v2\/media?parent=12174"}],"curies":[{"name":"wp","href":"https:\/\/api.w.org\/{rel}","templated":true}]}}