{"id":6843,"date":"2024-11-19T06:56:35","date_gmt":"2024-11-19T06:56:35","guid":{"rendered":"https:\/\/learn.northwesternhair.com\/?page_id=6843"},"modified":"2026-03-13T08:30:40","modified_gmt":"2026-03-13T13:30:40","slug":"perte-de-cheveux-101","status":"publish","type":"page","link":"https:\/\/learn.northwesternhair.com\/fr\/hairloss-101\/","title":{"rendered":"Perte de cheveux et restauration capillaire 101 | Northwestern Hair Restoration \u00e0 Chicago"},"content":{"rendered":"<div data-elementor-type=\"wp-page\" data-elementor-id=\"6843\" class=\"elementor elementor-6843\" data-elementor-post-type=\"page\">\n\t\t\t\t<div class=\"elementor-element elementor-element-12f2ea0f e-flex e-con-boxed e-con e-parent\" data-id=\"12f2ea0f\" data-element_type=\"container\" data-e-type=\"container\">\n\t\t\t\t\t<div class=\"e-con-inner\">\n\t\t\t\t<div class=\"elementor-element elementor-element-5168fa4 elementor-widget elementor-widget-heading\" data-id=\"5168fa4\" data-element_type=\"widget\" data-e-type=\"widget\" data-widget_type=\"heading.default\">\n\t\t\t\t<div class=\"elementor-widget-container\">\n\t\t\t\t\t<h1 class=\"elementor-heading-title elementor-size-default\">Perte de cheveux 101<\/h1>\t\t\t\t<\/div>\n\t\t\t\t<\/div>\n\t\t\t\t<div class=\"elementor-element elementor-element-5f65f14e elementor-widget elementor-widget-text-editor\" data-id=\"5f65f14e\" data-element_type=\"widget\" data-e-type=\"widget\" data-widget_type=\"text-editor.default\">\n\t\t\t\t<div class=\"elementor-widget-container\">\n\t\t\t\t\t\t\t\t\t<p>\u00c9ducation fiable sur la perte de cheveux par les m\u00e9decins de Northwestern Hair.<\/p>\t\t\t\t\t\t\t\t<\/div>\n\t\t\t\t<\/div>\n\t\t\t\t<div class=\"elementor-element elementor-element-5a977150 elementor-widget-divider--view-line elementor-widget elementor-widget-divider\" data-id=\"5a977150\" data-element_type=\"widget\" data-e-type=\"widget\" data-widget_type=\"divider.default\">\n\t\t\t\t<div class=\"elementor-widget-container\">\n\t\t\t\t\t\t\t<div class=\"elementor-divider\">\n\t\t\t<span class=\"elementor-divider-separator\">\n\t\t\t\t\t\t<\/span>\n\t\t<\/div>\n\t\t\t\t\t\t<\/div>\n\t\t\t\t<\/div>\n\t\t\t\t<div class=\"elementor-element elementor-element-2ddc0915 blog-list elementor-grid-3 elementor-grid-tablet-2 elementor-grid-mobile-1 elementor-posts--thumbnail-top elementor-card-shadow-yes elementor-posts__hover-gradient elementor-widget elementor-widget-posts\" data-id=\"2ddc0915\" data-element_type=\"widget\" data-e-type=\"widget\" data-settings=\"{&quot;pagination_type&quot;:&quot;load_more_infinite_scroll&quot;,&quot;cards_columns&quot;:&quot;3&quot;,&quot;cards_columns_tablet&quot;:&quot;2&quot;,&quot;cards_columns_mobile&quot;:&quot;1&quot;,&quot;cards_row_gap&quot;:{&quot;unit&quot;:&quot;px&quot;,&quot;size&quot;:35,&quot;sizes&quot;:[]},&quot;cards_row_gap_tablet&quot;:{&quot;unit&quot;:&quot;px&quot;,&quot;size&quot;:&quot;&quot;,&quot;sizes&quot;:[]},&quot;cards_row_gap_mobile&quot;:{&quot;unit&quot;:&quot;px&quot;,&quot;size&quot;:&quot;&quot;,&quot;sizes&quot;:[]},&quot;load_more_spinner&quot;:{&quot;value&quot;:&quot;fas fa-spinner&quot;,&quot;library&quot;:&quot;fa-solid&quot;}}\" data-widget_type=\"posts.cards\">\n\t\t\t\t<div class=\"elementor-widget-container\">\n\t\t\t\t\t\t\t<div class=\"elementor-posts-container elementor-posts elementor-posts--skin-cards elementor-grid\" role=\"list\">\n\t\t\t\t<article class=\"elementor-post elementor-grid-item post-27400 post type-post status-publish format-standard has-post-thumbnail hentry category-uncategorized category-fue-hair-replacement has-read-time read-time-9\" role=\"listitem\">\n\t\t\t<div class=\"elementor-post__card\">\n\t\t\t\t<a class=\"elementor-post__thumbnail__link\" href=\"https:\/\/learn.northwesternhair.com\/fr\/blog\/hair-transplant-in-chicago-what-patients-should-know-before-choosing-a-clinic\/\" tabindex=\"-1\"><div class=\"elementor-post__thumbnail\"><img fetchpriority=\"high\" decoding=\"async\" width=\"1200\" height=\"685\" src=\"https:\/\/learn.northwesternhair.com\/wp-content\/uploads\/2026\/03\/Hair-Transplant1.jpg\" class=\"attachment-full size-full wp-image-27405\" alt=\"Transplantation capillaire \u00e0 Chicago : ce que les patients devraient savoir avant de choisir une clinique\" srcset=\"https:\/\/learn.northwesternhair.com\/wp-content\/uploads\/2026\/03\/Hair-Transplant1.jpg 1200w, https:\/\/learn.northwesternhair.com\/wp-content\/uploads\/2026\/03\/Hair-Transplant1-300x171.jpg 300w, https:\/\/learn.northwesternhair.com\/wp-content\/uploads\/2026\/03\/Hair-Transplant1-1024x585.jpg 1024w, https:\/\/learn.northwesternhair.com\/wp-content\/uploads\/2026\/03\/Hair-Transplant1-768x438.jpg 768w\" sizes=\"(max-width: 1200px) 100vw, 1200px\" \/><\/div><\/a>\n\t\t\t\t<div class=\"elementor-post__text\">\n\t\t\t\t<h3 class=\"elementor-post__title\">\n\t\t\t<a href=\"https:\/\/learn.northwesternhair.com\/fr\/blog\/hair-transplant-in-chicago-what-patients-should-know-before-choosing-a-clinic\/\">\n\t\t\t\tTransplantation capillaire \u00e0 Chicago : ce que les patients devraient savoir avant de choisir une clinique\t\t\t<\/a>\n\t\t<\/h3>\n\t\t\t\t<div class=\"elementor-post__excerpt\">\n\t\t\t<p>Chicago poss\u00e8de une forte concentration d'expertise m\u00e9dicale, et la greffe de cheveux \u00e0 Chicago n'y fait pas exception.<\/p>\n\t\t<\/div>\n\t\t\n\t\t<a class=\"elementor-post__read-more\" href=\"https:\/\/learn.northwesternhair.com\/fr\/blog\/hair-transplant-in-chicago-what-patients-should-know-before-choosing-a-clinic\/\" aria-label=\"En savoir plus sur Hair Transplant In Chicago: What Patients Should Know Before Choosing A Clinic\" tabindex=\"-1\">\n\t\t\tEn savoir plus   \u2192\t\t<\/a>\n\n\t\t\t\t<\/div>\n\t\t\t\t\t<\/div>\n\t\t<\/article>\n\t\t\t\t<article class=\"elementor-post elementor-grid-item post-27392 post type-post status-publish format-standard has-post-thumbnail hentry category-uncategorized has-read-time read-time-9\" role=\"listitem\">\n\t\t\t<div class=\"elementor-post__card\">\n\t\t\t\t<a class=\"elementor-post__thumbnail__link\" href=\"https:\/\/learn.northwesternhair.com\/fr\/blog\/hair-transplants-in-your-20s-vs-30s-vs-40s-what-changes\/\" tabindex=\"-1\"><div class=\"elementor-post__thumbnail\"><img decoding=\"async\" width=\"1200\" height=\"685\" src=\"https:\/\/learn.northwesternhair.com\/wp-content\/uploads\/2026\/03\/transplant1.jpg\" class=\"attachment-full size-full wp-image-27396\" alt=\"\" srcset=\"https:\/\/learn.northwesternhair.com\/wp-content\/uploads\/2026\/03\/transplant1.jpg 1200w, https:\/\/learn.northwesternhair.com\/wp-content\/uploads\/2026\/03\/transplant1-300x171.jpg 300w, https:\/\/learn.northwesternhair.com\/wp-content\/uploads\/2026\/03\/transplant1-1024x585.jpg 1024w, https:\/\/learn.northwesternhair.com\/wp-content\/uploads\/2026\/03\/transplant1-768x438.jpg 768w\" sizes=\"(max-width: 1200px) 100vw, 1200px\" \/><\/div><\/a>\n\t\t\t\t<div class=\"elementor-post__text\">\n\t\t\t\t<h3 class=\"elementor-post__title\">\n\t\t\t<a href=\"https:\/\/learn.northwesternhair.com\/fr\/blog\/hair-transplants-in-your-20s-vs-30s-vs-40s-what-changes\/\">\n\t\t\t\tGreffes de cheveux : 20 ans vs 30 ans vs 40 ans. Qu'est-ce qui change ?\t\t\t<\/a>\n\t\t<\/h3>\n\t\t\t\t<div class=\"elementor-post__excerpt\">\n\t\t\t<p>La perte de cheveux ne suit pas un calendrier pr\u00e9cis. Certains hommes remarquent une r\u00e9cession pr\u00e9coce des tempes d\u00e8s<\/p>\n\t\t<\/div>\n\t\t\n\t\t<a class=\"elementor-post__read-more\" href=\"https:\/\/learn.northwesternhair.com\/fr\/blog\/hair-transplants-in-your-20s-vs-30s-vs-40s-what-changes\/\" aria-label=\"En savoir plus sur Hair Transplants in Your 20s vs 30s vs 40s: What Changes?\" tabindex=\"-1\">\n\t\t\tEn savoir plus   \u2192\t\t<\/a>\n\n\t\t\t\t<\/div>\n\t\t\t\t\t<\/div>\n\t\t<\/article>\n\t\t\t\t<article class=\"elementor-post elementor-grid-item post-27516 post type-post status-publish format-standard has-post-thumbnail hentry category-uncategorized category-fue-hair-replacement has-read-time read-time-8\" role=\"listitem\">\n\t\t\t<div class=\"elementor-post__card\">\n\t\t\t\t<a class=\"elementor-post__thumbnail__link\" href=\"https:\/\/learn.northwesternhair.com\/fr\/blog\/ethnic-hair-transplants-how-hair-type-impacts-technique-and-results\/\" tabindex=\"-1\"><div class=\"elementor-post__thumbnail\"><img decoding=\"async\" width=\"1200\" height=\"685\" src=\"https:\/\/learn.northwesternhair.com\/wp-content\/uploads\/2026\/03\/ethnic-hair1.jpg\" class=\"attachment-full size-full wp-image-27523\" alt=\"Greffes de cheveux ethniques : comment le type de cheveux influence la technique et les r\u00e9sultats\" srcset=\"https:\/\/learn.northwesternhair.com\/wp-content\/uploads\/2026\/03\/ethnic-hair1.jpg 1200w, https:\/\/learn.northwesternhair.com\/wp-content\/uploads\/2026\/03\/ethnic-hair1-300x171.jpg 300w, https:\/\/learn.northwesternhair.com\/wp-content\/uploads\/2026\/03\/ethnic-hair1-1024x585.jpg 1024w, https:\/\/learn.northwesternhair.com\/wp-content\/uploads\/2026\/03\/ethnic-hair1-768x438.jpg 768w\" sizes=\"(max-width: 1200px) 100vw, 1200px\" \/><\/div><\/a>\n\t\t\t\t<div class=\"elementor-post__text\">\n\t\t\t\t<h3 class=\"elementor-post__title\">\n\t\t\t<a href=\"https:\/\/learn.northwesternhair.com\/fr\/blog\/ethnic-hair-transplants-how-hair-type-impacts-technique-and-results\/\">\n\t\t\t\tGreffes de cheveux ethniques : comment le type de cheveux influence la technique et les r\u00e9sultats\t\t\t<\/a>\n\t\t<\/h3>\n\t\t\t\t<div class=\"elementor-post__excerpt\">\n\t\t\t<p>La greffe de cheveux suit les m\u00eames principes biologiques fondamentaux pour chaque patient, mais dans les cheveux ethniques<\/p>\n\t\t<\/div>\n\t\t\n\t\t<a class=\"elementor-post__read-more\" href=\"https:\/\/learn.northwesternhair.com\/fr\/blog\/ethnic-hair-transplants-how-hair-type-impacts-technique-and-results\/\" aria-label=\"En savoir plus sur Ethnic Hair Transplants: How Hair Type Impacts Technique And Results\" tabindex=\"-1\">\n\t\t\tEn savoir plus   \u2192\t\t<\/a>\n\n\t\t\t\t<\/div>\n\t\t\t\t\t<\/div>\n\t\t<\/article>\n\t\t\t\t<article class=\"elementor-post elementor-grid-item post-27622 post type-post status-publish format-standard has-post-thumbnail hentry category-uncategorized has-read-time read-time-7\" role=\"listitem\">\n\t\t\t<div class=\"elementor-post__card\">\n\t\t\t\t<a class=\"elementor-post__thumbnail__link\" href=\"https:\/\/learn.northwesternhair.com\/fr\/blog\/the-science-behind-hair-transplant-growth-cycles\/\" tabindex=\"-1\"><div class=\"elementor-post__thumbnail\"><img loading=\"lazy\" decoding=\"async\" width=\"1200\" height=\"685\" src=\"https:\/\/learn.northwesternhair.com\/wp-content\/uploads\/2026\/03\/Growth-Cycles1.jpg\" class=\"attachment-full size-full wp-image-27626\" alt=\"La science derri\u00e8re les cycles de croissance de la greffe de cheveux\" srcset=\"https:\/\/learn.northwesternhair.com\/wp-content\/uploads\/2026\/03\/Growth-Cycles1.jpg 1200w, https:\/\/learn.northwesternhair.com\/wp-content\/uploads\/2026\/03\/Growth-Cycles1-300x171.jpg 300w, https:\/\/learn.northwesternhair.com\/wp-content\/uploads\/2026\/03\/Growth-Cycles1-1024x585.jpg 1024w, https:\/\/learn.northwesternhair.com\/wp-content\/uploads\/2026\/03\/Growth-Cycles1-768x438.jpg 768w\" sizes=\"(max-width: 1200px) 100vw, 1200px\" \/><\/div><\/a>\n\t\t\t\t<div class=\"elementor-post__text\">\n\t\t\t\t<h3 class=\"elementor-post__title\">\n\t\t\t<a href=\"https:\/\/learn.northwesternhair.com\/fr\/blog\/the-science-behind-hair-transplant-growth-cycles\/\">\n\t\t\t\tLa science derri\u00e8re les cycles de croissance de la greffe de cheveux\t\t\t<\/a>\n\t\t<\/h3>\n\t\t\t\t<div class=\"elementor-post__excerpt\">\n\t\t\t<p>La question que les patients posent le plus souvent apr\u00e8s une intervention n\u2019est pas \u00e0 propos de la chirurgie elle-m\u00eame, mais plut\u00f4t de ce que<\/p>\n\t\t<\/div>\n\t\t\n\t\t<a class=\"elementor-post__read-more\" href=\"https:\/\/learn.northwesternhair.com\/fr\/blog\/the-science-behind-hair-transplant-growth-cycles\/\" aria-label=\"En savoir plus sur The Science Behind Hair Transplant Growth Cycles\" tabindex=\"-1\">\n\t\t\tEn savoir plus   \u2192\t\t<\/a>\n\n\t\t\t\t<\/div>\n\t\t\t\t\t<\/div>\n\t\t<\/article>\n\t\t\t\t<article class=\"elementor-post elementor-grid-item post-27382 post type-post status-publish format-standard has-post-thumbnail hentry category-uncategorized has-read-time read-time-8\" role=\"listitem\">\n\t\t\t<div class=\"elementor-post__card\">\n\t\t\t\t<a class=\"elementor-post__thumbnail__link\" href=\"https:\/\/learn.northwesternhair.com\/fr\/blog\/donor-area-management-why-it-determines-long-term-success\/\" tabindex=\"-1\"><div class=\"elementor-post__thumbnail\"><img loading=\"lazy\" decoding=\"async\" width=\"1200\" height=\"685\" src=\"https:\/\/learn.northwesternhair.com\/wp-content\/uploads\/2026\/03\/donor1.jpg\" class=\"attachment-full size-full wp-image-27387\" alt=\"\" srcset=\"https:\/\/learn.northwesternhair.com\/wp-content\/uploads\/2026\/03\/donor1.jpg 1200w, https:\/\/learn.northwesternhair.com\/wp-content\/uploads\/2026\/03\/donor1-300x171.jpg 300w, https:\/\/learn.northwesternhair.com\/wp-content\/uploads\/2026\/03\/donor1-1024x585.jpg 1024w, https:\/\/learn.northwesternhair.com\/wp-content\/uploads\/2026\/03\/donor1-768x438.jpg 768w\" sizes=\"(max-width: 1200px) 100vw, 1200px\" \/><\/div><\/a>\n\t\t\t\t<div class=\"elementor-post__text\">\n\t\t\t\t<h3 class=\"elementor-post__title\">\n\t\t\t<a href=\"https:\/\/learn.northwesternhair.com\/fr\/blog\/donor-area-management-why-it-determines-long-term-success\/\">\n\t\t\t\tGestion de la zone donneuse : pourquoi elle d\u00e9termine le succ\u00e8s \u00e0 long terme\t\t\t<\/a>\n\t\t<\/h3>\n\t\t\t\t<div class=\"elementor-post__excerpt\">\n\t\t\t<p>La plupart des patients abordent une consultation de greffe de cheveux en se concentrant sur la zone receveuse, l\u00e0 o\u00f9 les cheveux sont pr\u00e9sents<\/p>\n\t\t<\/div>\n\t\t\n\t\t<a class=\"elementor-post__read-more\" href=\"https:\/\/learn.northwesternhair.com\/fr\/blog\/donor-area-management-why-it-determines-long-term-success\/\" aria-label=\"En savoir plus sur Donor Area Management: Why It Determines Long-Term Success\" tabindex=\"-1\">\n\t\t\tEn savoir plus   \u2192\t\t<\/a>\n\n\t\t\t\t<\/div>\n\t\t\t\t\t<\/div>\n\t\t<\/article>\n\t\t\t\t<article class=\"elementor-post elementor-grid-item post-27314 post type-post status-publish format-standard has-post-thumbnail hentry category-uncategorized has-read-time read-time-7\" role=\"listitem\">\n\t\t\t<div class=\"elementor-post__card\">\n\t\t\t\t<a class=\"elementor-post__thumbnail__link\" href=\"https:\/\/learn.northwesternhair.com\/fr\/blog\/hormonal-hair-loss-in-men-and-women\/\" tabindex=\"-1\"><div class=\"elementor-post__thumbnail\"><img loading=\"lazy\" decoding=\"async\" width=\"1200\" height=\"685\" src=\"https:\/\/learn.northwesternhair.com\/wp-content\/uploads\/2026\/03\/hormonal1.jpg\" class=\"attachment-full size-full wp-image-27318\" alt=\"Perte de cheveux hormonale chez les hommes et les femmes : causes, tests et options de traitement\" srcset=\"https:\/\/learn.northwesternhair.com\/wp-content\/uploads\/2026\/03\/hormonal1.jpg 1200w, https:\/\/learn.northwesternhair.com\/wp-content\/uploads\/2026\/03\/hormonal1-300x171.jpg 300w, https:\/\/learn.northwesternhair.com\/wp-content\/uploads\/2026\/03\/hormonal1-1024x585.jpg 1024w, https:\/\/learn.northwesternhair.com\/wp-content\/uploads\/2026\/03\/hormonal1-768x438.jpg 768w\" sizes=\"(max-width: 1200px) 100vw, 1200px\" \/><\/div><\/a>\n\t\t\t\t<div class=\"elementor-post__text\">\n\t\t\t\t<h3 class=\"elementor-post__title\">\n\t\t\t<a href=\"https:\/\/learn.northwesternhair.com\/fr\/blog\/hormonal-hair-loss-in-men-and-women\/\">\n\t\t\t\tPerte de cheveux hormonale chez les hommes et les femmes : causes, tests et options de traitement\t\t\t<\/a>\n\t\t<\/h3>\n\t\t\t\t<div class=\"elementor-post__excerpt\">\n\t\t\t<p>La croissance des cheveux est r\u00e9gul\u00e9e par un r\u00e9seau complexe de syst\u00e8mes biologiques, le syst\u00e8me endocrinien<\/p>\n\t\t<\/div>\n\t\t\n\t\t<a class=\"elementor-post__read-more\" href=\"https:\/\/learn.northwesternhair.com\/fr\/blog\/hormonal-hair-loss-in-men-and-women\/\" aria-label=\"En savoir plus sur Hormonal Hair Loss In Men And Women: Causes, Testing, And Treatment Options\" tabindex=\"-1\">\n\t\t\tEn savoir plus   \u2192\t\t<\/a>\n\n\t\t\t\t<\/div>\n\t\t\t\t\t<\/div>\n\t\t<\/article>\n\t\t\t\t<\/div>\n\t\t\t\t\t<span class=\"e-load-more-spinner\">\n\t\t\t\t<svg aria-hidden=\"true\" class=\"e-font-icon-svg e-fas-spinner\" viewbox=\"0 0 512 512\" xmlns=\"http:\/\/www.w3.org\/2000\/svg\"><path d=\"M304 48c0 26.51-21.49 48-48 48s-48-21.49-48-48 21.49-48 48-48 48 21.49 48 48zm-48 368c-26.51 0-48 21.49-48 48s21.49 48 48 48 48-21.49 48-48-21.49-48-48-48zm208-208c-26.51 0-48 21.49-48 48s21.49 48 48 48 48-21.49 48-48-21.49-48-48-48zM96 256c0-26.51-21.49-48-48-48S0 229.49 0 256s21.49 48 48 48 48-21.49 48-48zm12.922 99.078c-26.51 0-48 21.49-48 48s21.49 48 48 48 48-21.49 48-48c0-26.509-21.491-48-48-48zm294.156 0c-26.51 0-48 21.49-48 48s21.49 48 48 48 48-21.49 48-48c0-26.509-21.49-48-48-48zM108.922 60.922c-26.51 0-48 21.49-48 48s21.49 48 48 48 48-21.49 48-48-21.491-48-48-48z\"><\/path><\/svg>\t\t\t<\/span>\n\t\t\n\t\t\t\t<div class=\"e-load-more-anchor\" data-page=\"1\" data-max-page=\"27\" data-next-page=\"https:\/\/learn.northwesternhair.com\/fr\/wp-json\/wp\/v2\/pages\/6843\/page\/2\/\"><\/div>\n\t\t\t\t<div class=\"e-load-more-message\"><\/div>\n\t\t\t\t\t\t<\/div>\n\t\t\t\t<\/div>\n\t\t\t\t\t<\/div>\n\t\t\t\t<\/div>\n\t\t\t\t<\/div>","protected":false},"excerpt":{"rendered":"<p>Hair Loss 101 Reliable hair loss education from Northwestern Hair physicians.<\/p>","protected":false},"author":3,"featured_media":0,"parent":0,"menu_order":0,"comment_status":"closed","ping_status":"closed","template":"","meta":{"_acf_changed":false,"footnotes":""},"class_list":["post-6843","page","type-page","status-publish","hentry","has-read-time","read-time-1"],"acf":[],"_links":{"self":[{"href":"https:\/\/learn.northwesternhair.com\/fr\/wp-json\/wp\/v2\/pages\/6843","targetHints":{"allow":["GET"]}}],"collection":[{"href":"https:\/\/learn.northwesternhair.com\/fr\/wp-json\/wp\/v2\/pages"}],"about":[{"href":"https:\/\/learn.northwesternhair.com\/fr\/wp-json\/wp\/v2\/types\/page"}],"author":[{"embeddable":true,"href":"https:\/\/learn.northwesternhair.com\/fr\/wp-json\/wp\/v2\/users\/3"}],"replies":[{"embeddable":true,"href":"https:\/\/learn.northwesternhair.com\/fr\/wp-json\/wp\/v2\/comments?post=6843"}],"version-history":[{"count":5,"href":"https:\/\/learn.northwesternhair.com\/fr\/wp-json\/wp\/v2\/pages\/6843\/revisions"}],"predecessor-version":[{"id":25490,"href":"https:\/\/learn.northwesternhair.com\/fr\/wp-json\/wp\/v2\/pages\/6843\/revisions\/25490"}],"wp:attachment":[{"href":"https:\/\/learn.northwesternhair.com\/fr\/wp-json\/wp\/v2\/media?parent=6843"}],"curies":[{"name":"wp","href":"https:\/\/api.w.org\/{rel}","templated":true}]}}