{"id":8798,"date":"2024-11-26T12:08:24","date_gmt":"2024-11-26T12:08:24","guid":{"rendered":"https:\/\/learn.northwesternhair.com\/?page_id=8798"},"modified":"2026-03-19T09:18:21","modified_gmt":"2026-03-19T14:18:21","slug":"nachfassaktionen","status":"publish","type":"page","link":"https:\/\/learn.northwesternhair.com\/de\/follow-ups\/","title":{"rendered":"Nachfassaktionen"},"content":{"rendered":"<div data-elementor-type=\"wp-page\" data-elementor-id=\"8798\" class=\"elementor elementor-8798\" data-elementor-post-type=\"page\">\n\t\t\t\t<div class=\"elementor-element elementor-element-0b9ed83 e-grid e-con-boxed e-con e-parent\" data-id=\"0b9ed83\" data-element_type=\"container\" data-e-type=\"container\" data-settings=\"{&quot;background_background&quot;:&quot;slideshow&quot;,&quot;background_slideshow_gallery&quot;:[],&quot;background_slideshow_loop&quot;:&quot;yes&quot;,&quot;background_slideshow_slide_duration&quot;:5000,&quot;background_slideshow_slide_transition&quot;:&quot;fade&quot;,&quot;background_slideshow_transition_duration&quot;:500}\">\n\t\t\t\t\t<div class=\"e-con-inner\">\n\t\t<div class=\"elementor-element elementor-element-1e8ed4c e-con-full e-flex e-con e-child\" data-id=\"1e8ed4c\" data-element_type=\"container\" data-e-type=\"container\">\n\t\t\t\t<div class=\"elementor-element elementor-element-e28f4fe elementor-widget elementor-widget-heading\" data-id=\"e28f4fe\" data-element_type=\"widget\" data-e-type=\"widget\" data-widget_type=\"heading.default\">\n\t\t\t\t<div class=\"elementor-widget-container\">\n\t\t\t\t\t<h1 class=\"elementor-heading-title elementor-size-default\">Melden Sie sich w\u00e4hrend Ihrer Haarschnitte.<\/h1>\t\t\t\t<\/div>\n\t\t\t\t<\/div>\n\t\t\t\t<div class=\"elementor-element elementor-element-1fb883c banner-btn elementor-widget elementor-widget-text-editor\" data-id=\"1fb883c\" data-element_type=\"widget\" data-e-type=\"widget\" data-widget_type=\"text-editor.default\">\n\t\t\t\t<div class=\"elementor-widget-container\">\n\t\t\t\t\t\t\t\t\t<p><a class=\"btn\" href=\"\/de\/kontaktieren-sie-uns\/\">Terminvereinbarung<\/a><\/p>\t\t\t\t\t\t\t\t<\/div>\n\t\t\t\t<\/div>\n\t\t\t\t<div class=\"elementor-element elementor-element-b70c209 banner-btn elementor-widget elementor-widget-text-editor\" data-id=\"b70c209\" data-element_type=\"widget\" data-e-type=\"widget\" data-widget_type=\"text-editor.default\">\n\t\t\t\t<div class=\"elementor-widget-container\">\n\t\t\t\t\t\t\t\t\t<p><a href=\"tel:3126688222\">Jetzt anrufen | 312-668-8222<\/a><\/p>\t\t\t\t\t\t\t\t<\/div>\n\t\t\t\t<\/div>\n\t\t\t\t<\/div>\n\t\t\t\t<div class=\"elementor-element elementor-element-e917521 elementor-widget elementor-widget-image\" data-id=\"e917521\" data-element_type=\"widget\" data-e-type=\"widget\" data-widget_type=\"image.default\">\n\t\t\t\t<div class=\"elementor-widget-container\">\n\t\t\t\t\t\t\t\t\t\t\t\t\t\t\t<img fetchpriority=\"high\" decoding=\"async\" width=\"800\" height=\"600\" src=\"https:\/\/learn.northwesternhair.com\/wp-content\/uploads\/2024\/11\/best-clinic-for-no-shave-fue-hair-transplant-chicago-1024x768.jpg\" class=\"attachment-large size-large wp-image-8816\" alt=\"beste Klinik f\u00fcr No-Shave FUE Haartransplantation\" srcset=\"https:\/\/learn.northwesternhair.com\/wp-content\/uploads\/2024\/11\/best-clinic-for-no-shave-fue-hair-transplant-chicago-1024x768.jpg 1024w, https:\/\/learn.northwesternhair.com\/wp-content\/uploads\/2024\/11\/best-clinic-for-no-shave-fue-hair-transplant-chicago-300x225.jpg 300w, https:\/\/learn.northwesternhair.com\/wp-content\/uploads\/2024\/11\/best-clinic-for-no-shave-fue-hair-transplant-chicago-768x576.jpg 768w, https:\/\/learn.northwesternhair.com\/wp-content\/uploads\/2024\/11\/best-clinic-for-no-shave-fue-hair-transplant-chicago.jpg 1080w\" sizes=\"(max-width: 800px) 100vw, 800px\" \/>\t\t\t\t\t\t\t\t\t\t\t\t\t\t\t<\/div>\n\t\t\t\t<\/div>\n\t\t\t\t\t<\/div>\n\t\t\t\t<\/div>\n\t\t<div class=\"elementor-element elementor-element-dbad62a e-grid e-con-boxed e-con e-parent\" data-id=\"dbad62a\" data-element_type=\"container\" data-e-type=\"container\">\n\t\t\t\t\t<div class=\"e-con-inner\">\n\t\t<div class=\"elementor-element elementor-element-c04db9d e-con-full e-flex e-con e-child\" data-id=\"c04db9d\" data-element_type=\"container\" data-e-type=\"container\">\n\t\t\t\t<div class=\"elementor-element elementor-element-cd487fd elementor-widget__width-initial elementor-widget elementor-widget-image\" data-id=\"cd487fd\" data-element_type=\"widget\" data-e-type=\"widget\" data-widget_type=\"image.default\">\n\t\t\t\t<div class=\"elementor-widget-container\">\n\t\t\t\t\t\t\t\t\t\t\t\t\t\t\t<img decoding=\"async\" width=\"800\" height=\"600\" src=\"https:\/\/learn.northwesternhair.com\/wp-content\/uploads\/2024\/11\/best-clinic-for-hair-transplant-chicago-il-1024x768.jpg\" class=\"attachment-large size-large wp-image-8809\" alt=\"Beste Klinik Haartransplantation\" srcset=\"https:\/\/learn.northwesternhair.com\/wp-content\/uploads\/2024\/11\/best-clinic-for-hair-transplant-chicago-il-1024x768.jpg 1024w, https:\/\/learn.northwesternhair.com\/wp-content\/uploads\/2024\/11\/best-clinic-for-hair-transplant-chicago-il-300x225.jpg 300w, https:\/\/learn.northwesternhair.com\/wp-content\/uploads\/2024\/11\/best-clinic-for-hair-transplant-chicago-il-768x576.jpg 768w, https:\/\/learn.northwesternhair.com\/wp-content\/uploads\/2024\/11\/best-clinic-for-hair-transplant-chicago-il.jpg 1080w\" sizes=\"(max-width: 800px) 100vw, 800px\" \/>\t\t\t\t\t\t\t\t\t\t\t\t\t\t\t<\/div>\n\t\t\t\t<\/div>\n\t\t\t\t<\/div>\n\t\t<div class=\"elementor-element elementor-element-78accd7 e-con-full e-flex e-con e-child\" data-id=\"78accd7\" data-element_type=\"container\" data-e-type=\"container\">\n\t\t\t\t<div class=\"elementor-element elementor-element-2ad7691 elementor-widget elementor-widget-heading\" data-id=\"2ad7691\" data-element_type=\"widget\" data-e-type=\"widget\" data-widget_type=\"heading.default\">\n\t\t\t\t<div class=\"elementor-widget-container\">\n\t\t\t\t\t<h2 class=\"elementor-heading-title elementor-size-default\">Haarschnitte: Eine praktische M\u00f6glichkeit, nachzufolgen<\/h2>\t\t\t\t<\/div>\n\t\t\t\t<\/div>\n\t\t\t\t<div class=\"elementor-element elementor-element-c69c2e6 elementor-widget elementor-widget-text-editor\" data-id=\"c69c2e6\" data-element_type=\"widget\" data-e-type=\"widget\" data-widget_type=\"text-editor.default\">\n\t\t\t\t<div class=\"elementor-widget-container\">\n\t\t\t\t\t\t\t\t\tWir haben Stylisten in ganz Chicago. Sie sind darin geschult, uns Fortschrittsbilder zu senden, damit wir Ihre Ergebnisse aus der Ferne \u00fcberwachen k\u00f6nnen. So k\u00f6nnen Sie ins B\u00fcro kommen, wann immer es Ihnen passt.\t\t\t\t\t\t\t\t<\/div>\n\t\t\t\t<\/div>\n\t\t\t\t<div class=\"elementor-element elementor-element-f3cd899 elementor-widget elementor-widget-text-editor\" data-id=\"f3cd899\" data-element_type=\"widget\" data-e-type=\"widget\" data-widget_type=\"text-editor.default\">\n\t\t\t\t<div class=\"elementor-widget-container\">\n\t\t\t\t\t\t\t\t\t<a href=\"\/de\/kontaktieren-sie-uns\/\">Einen Beratungstermin vereinbaren <\/a>\t\t\t\t\t\t\t\t<\/div>\n\t\t\t\t<\/div>\n\t\t\t\t<div class=\"elementor-element elementor-element-9270881 elementor-widget elementor-widget-text-editor\" data-id=\"9270881\" data-element_type=\"widget\" data-e-type=\"widget\" data-widget_type=\"text-editor.default\">\n\t\t\t\t<div class=\"elementor-widget-container\">\n\t\t\t\t\t\t\t\t\t<a href=\"tel:3126688222\">Rufen Sie uns an<\/a>\t\t\t\t\t\t\t\t<\/div>\n\t\t\t\t<\/div>\n\t\t\t\t<\/div>\n\t\t\t\t\t<\/div>\n\t\t\t\t<\/div>\n\t\t<div class=\"elementor-element elementor-element-4d4be71 e-flex e-con-boxed e-con e-parent\" data-id=\"4d4be71\" data-element_type=\"container\" data-e-type=\"container\">\n\t\t\t\t\t<div class=\"e-con-inner\">\n\t\t\t\t<div class=\"elementor-element elementor-element-5739f96 elementor-widget-divider--view-line elementor-widget elementor-widget-divider\" data-id=\"5739f96\" data-element_type=\"widget\" data-e-type=\"widget\" data-widget_type=\"divider.default\">\n\t\t\t\t<div class=\"elementor-widget-container\">\n\t\t\t\t\t\t\t<div class=\"elementor-divider\">\n\t\t\t<span class=\"elementor-divider-separator\">\n\t\t\t\t\t\t<\/span>\n\t\t<\/div>\n\t\t\t\t\t\t<\/div>\n\t\t\t\t<\/div>\n\t\t<div class=\"elementor-element elementor-element-91c0571 e-grid e-con-full e-con e-child\" data-id=\"91c0571\" data-element_type=\"container\" data-e-type=\"container\">\n\t\t<div class=\"elementor-element elementor-element-83cfb28 e-con-full e-flex e-con e-child\" data-id=\"83cfb28\" data-element_type=\"container\" data-e-type=\"container\">\n\t\t\t\t<div class=\"elementor-element elementor-element-d1960f8 elementor-widget elementor-widget-spacer\" data-id=\"d1960f8\" data-element_type=\"widget\" data-e-type=\"widget\" data-widget_type=\"spacer.default\">\n\t\t\t\t<div class=\"elementor-widget-container\">\n\t\t\t\t\t\t\t<div class=\"elementor-spacer\">\n\t\t\t<div class=\"elementor-spacer-inner\"><\/div>\n\t\t<\/div>\n\t\t\t\t\t\t<\/div>\n\t\t\t\t<\/div>\n\t\t\t\t<div class=\"elementor-element elementor-element-53a4cc0 sub-text elementor-widget elementor-widget-heading\" data-id=\"53a4cc0\" data-element_type=\"widget\" data-e-type=\"widget\" data-widget_type=\"heading.default\">\n\t\t\t\t<div class=\"elementor-widget-container\">\n\t\t\t\t\t<h2 class=\"elementor-heading-title elementor-size-default\">Wir schulen Ihren Stylisten oder Barbier<\/h2>\t\t\t\t<\/div>\n\t\t\t\t<\/div>\n\t\t\t\t<div class=\"elementor-element elementor-element-bf07827 elementor-widget elementor-widget-text-editor\" data-id=\"bf07827\" data-element_type=\"widget\" data-e-type=\"widget\" data-widget_type=\"text-editor.default\">\n\t\t\t\t<div class=\"elementor-widget-container\">\n\t\t\t\t\t\t\t\t\tHaben Sie Ihren eigenen Stylisten oder Friseur? Wir werden ihn\/sie darin schulen, sich um Ihr Haar zu k\u00fcmmern, und Fotos machen, um Ihren Fortschritt zu verfolgen. Wir tun dies gerne, da es unser Netzwerk an kompetenten Haarprofis aufbaut.\t\t\t\t\t\t\t\t<\/div>\n\t\t\t\t<\/div>\n\t\t\t\t<div class=\"elementor-element elementor-element-43c9d15 elementor-widget elementor-widget-text-editor\" data-id=\"43c9d15\" data-element_type=\"widget\" data-e-type=\"widget\" data-widget_type=\"text-editor.default\">\n\t\t\t\t<div class=\"elementor-widget-container\">\n\t\t\t\t\t\t\t\t\t<a href=\"\/de\/kontaktieren-sie-uns\/\">Einen Beratungstermin vereinbaren<\/a>\t\t\t\t\t\t\t\t<\/div>\n\t\t\t\t<\/div>\n\t\t\t\t<div class=\"elementor-element elementor-element-fee6ea0 elementor-widget elementor-widget-text-editor\" data-id=\"fee6ea0\" data-element_type=\"widget\" data-e-type=\"widget\" data-widget_type=\"text-editor.default\">\n\t\t\t\t<div class=\"elementor-widget-container\">\n\t\t\t\t\t\t\t\t\t<p><a href=\"tel:3126688222\">Ruf die USA an<\/a><\/p>\t\t\t\t\t\t\t\t<\/div>\n\t\t\t\t<\/div>\n\t\t\t\t<\/div>\n\t\t<div class=\"elementor-element elementor-element-b2c72a1 e-con-full e-flex e-con e-child\" data-id=\"b2c72a1\" data-element_type=\"container\" data-e-type=\"container\">\n\t\t\t\t<div class=\"elementor-element elementor-element-5b6e822 elementor-widget elementor-widget-image\" data-id=\"5b6e822\" data-element_type=\"widget\" data-e-type=\"widget\" data-widget_type=\"image.default\">\n\t\t\t\t<div class=\"elementor-widget-container\">\n\t\t\t\t\t\t\t\t\t\t\t\t\t\t\t<img decoding=\"async\" width=\"800\" height=\"600\" src=\"https:\/\/learn.northwesternhair.com\/wp-content\/uploads\/2024\/11\/hair-cuts-after-hair-restoration-chicago-1024x768.jpg\" class=\"attachment-large size-large wp-image-8811\" alt=\"Haarschnitte nach Haartransplantation\" srcset=\"https:\/\/learn.northwesternhair.com\/wp-content\/uploads\/2024\/11\/hair-cuts-after-hair-restoration-chicago-1024x768.jpg 1024w, https:\/\/learn.northwesternhair.com\/wp-content\/uploads\/2024\/11\/hair-cuts-after-hair-restoration-chicago-300x225.jpg 300w, https:\/\/learn.northwesternhair.com\/wp-content\/uploads\/2024\/11\/hair-cuts-after-hair-restoration-chicago-768x576.jpg 768w, https:\/\/learn.northwesternhair.com\/wp-content\/uploads\/2024\/11\/hair-cuts-after-hair-restoration-chicago.jpg 1080w\" sizes=\"(max-width: 800px) 100vw, 800px\" \/>\t\t\t\t\t\t\t\t\t\t\t\t\t\t\t<\/div>\n\t\t\t\t<\/div>\n\t\t\t\t<\/div>\n\t\t\t\t<\/div>\n\t\t\t\t\t<\/div>\n\t\t\t\t<\/div>\n\t\t\t\t<\/div>","protected":false},"excerpt":{"rendered":"<p>Follow up during your haircuts. Schedule Consultation Call Now | 312-668-8222 Haircuts: A practical way to follow up We have stylists across Chicago. They are trained to send us progress pictures so that we can monitor your results remotely. That way you can come to the office whenever it is convenient for you.Schedule a consultation [&hellip;]<\/p>\n","protected":false},"author":3,"featured_media":0,"parent":0,"menu_order":0,"comment_status":"closed","ping_status":"closed","template":"","meta":{"_acf_changed":false,"footnotes":""},"class_list":["post-8798","page","type-page","status-publish","hentry","has-read-time","read-time-1"],"acf":[],"_links":{"self":[{"href":"https:\/\/learn.northwesternhair.com\/de\/wp-json\/wp\/v2\/pages\/8798","targetHints":{"allow":["GET"]}}],"collection":[{"href":"https:\/\/learn.northwesternhair.com\/de\/wp-json\/wp\/v2\/pages"}],"about":[{"href":"https:\/\/learn.northwesternhair.com\/de\/wp-json\/wp\/v2\/types\/page"}],"author":[{"embeddable":true,"href":"https:\/\/learn.northwesternhair.com\/de\/wp-json\/wp\/v2\/users\/3"}],"replies":[{"embeddable":true,"href":"https:\/\/learn.northwesternhair.com\/de\/wp-json\/wp\/v2\/comments?post=8798"}],"version-history":[{"count":5,"href":"https:\/\/learn.northwesternhair.com\/de\/wp-json\/wp\/v2\/pages\/8798\/revisions"}],"predecessor-version":[{"id":26541,"href":"https:\/\/learn.northwesternhair.com\/de\/wp-json\/wp\/v2\/pages\/8798\/revisions\/26541"}],"wp:attachment":[{"href":"https:\/\/learn.northwesternhair.com\/de\/wp-json\/wp\/v2\/media?parent=8798"}],"curies":[{"name":"wp","href":"https:\/\/api.w.org\/{rel}","templated":true}]}}